{"id":33,"date":"2015-04-09T12:50:25","date_gmt":"2015-04-09T12:50:25","guid":{"rendered":"http:\/\/biomedicas.unp.edu.py\/?page_id=33"},"modified":"2025-12-05T19:55:48","modified_gmt":"2025-12-05T22:55:48","slug":"direccion-administrativa","status":"publish","type":"page","link":"https:\/\/biomedicas.unp.edu.py\/?page_id=33","title":{"rendered":"Direcci\u00f3n Administrativa"},"content":{"rendered":"<h2 class=\"title\"><strong style=\"font-size: 16px;\">Son Atribuciones y Deberes del Administrador<\/strong><\/h2>\n<div class=\"entry clearfix\">\n<p><strong>\u00a0\u00a0\u00a0\u00a0\u00a0\u00a0\u00a0\u00a0\u00a0\u00a0 FUNCIONES GENERALES\u00a0 Y ESPEC\u00cdFICAS<\/strong><\/p>\n<ol>\n<li>Planificar, coordinar y controlar las actividades financieras y administrativas en base a las disposiciones legales vigentes.<\/li>\n<li>Coordinar la elaboraci\u00f3n del Proyecto de Presupuesto de la Facultad conforme a las necesidades acad\u00e9micas, la Misi\u00f3n, la Visi\u00f3n y los objetivos previstos en el Plan Estrat\u00e9gico Institucional.<\/li>\n<li>Administrar y controlar la ejecuci\u00f3n del Presupuesto de la Facultad, haciendo cumplir las leyes y reglamentaciones vigentes y las directivas emanadas por el Decano de la Facultad.<\/li>\n<li>Cumplir y hacer cumplir las disposiciones legales vigentes en las materias de su competencia, y mantenerse actualizado en relaci\u00f3n con las mismas.<\/li>\n<li>Cumplir y controlar la organizaci\u00f3n administrativa de la Facultad y sus dependencias.<\/li>\n<li>Someter al Decano el Plan Financiero institucional.<\/li>\n<li>Elaborar conjuntamente con el Encargado de la UOC el Plan Anual de Contrataci\u00f3n y someter al Decano para su aprobaci\u00f3n.<\/li>\n<li>Controlar las tareas t\u00e9cnicas de los departamentos subordinados, recibiendo informes peri\u00f3dicos que permita la rendici\u00f3n de cuenta del Decano.<\/li>\n<li>Disponer la tenencia y guarda de los recursos financieros de la Instituci\u00f3n provenientes de la transferencia de recursos derivados del Rectorado.<\/li>\n<li>Intervenir, de acuerdo a las disposiciones legales, en lo relativo a la recepci\u00f3n, destino y conservaci\u00f3n de los bienes patrimoniales adquiridos por licitaci\u00f3n p\u00fablica, contrataci\u00f3n directa, permuta o donaci\u00f3n que afecte el patrimonio de la Facultad.<\/li>\n<li>Ejercer el control de los documentos respaldatorios de las operaciones de ingresos y egresos de fondos.<\/li>\n<li>Realizar otras tareas o actividades del sector asignadas por el Decano.<\/li>\n<\/ol>\n<\/div>\n","protected":false},"excerpt":{"rendered":"<p>Son Atribuciones y Deberes del Administrador \u00a0\u00a0\u00a0\u00a0\u00a0\u00a0\u00a0\u00a0\u00a0\u00a0 FUNCIONES GENERALES\u00a0 Y ESPEC\u00cdFICAS Planificar, coordinar y controlar las actividades financieras y administrativas en base a las disposiciones legales vigentes. Coordinar la elaboraci\u00f3n del Proyecto de Presupuesto de la Facultad conforme a las necesidades acad\u00e9micas, la Misi\u00f3n, la Visi\u00f3n y los objetivos previstos en el Plan Estrat\u00e9gico Institucional. [&hellip;]<\/p>\n","protected":false},"author":2,"featured_media":0,"parent":0,"menu_order":0,"comment_status":"open","ping_status":"open","template":"","meta":{"site-sidebar-layout":"default","site-content-layout":"","ast-site-content-layout":"default","site-content-style":"default","site-sidebar-style":"default","ast-global-header-display":"","ast-banner-title-visibility":"","ast-main-header-display":"","ast-hfb-above-header-display":"","ast-hfb-below-header-display":"","ast-hfb-mobile-header-display":"","site-post-title":"","ast-breadcrumbs-content":"","ast-featured-img":"","footer-sml-layout":"","ast-disable-related-posts":"","theme-transparent-header-meta":"","adv-header-id-meta":"","stick-header-meta":"","header-above-stick-meta":"","header-main-stick-meta":"","header-below-stick-meta":"","astra-migrate-meta-layouts":"set","ast-page-background-enabled":"default","ast-page-background-meta":{"desktop":{"background-color":"var(--ast-global-color-4)","background-image":"","background-repeat":"repeat","background-position":"center center","background-size":"auto","background-attachment":"scroll","background-type":"","background-media":"","overlay-type":"","overlay-color":"","overlay-opacity":"","overlay-gradient":""},"tablet":{"background-color":"","background-image":"","background-repeat":"repeat","background-position":"center center","background-size":"auto","background-attachment":"scroll","background-type":"","background-media":"","overlay-type":"","overlay-color":"","overlay-opacity":"","overlay-gradient":""},"mobile":{"background-color":"","background-image":"","background-repeat":"repeat","background-position":"center center","background-size":"auto","background-attachment":"scroll","background-type":"","background-media":"","overlay-type":"","overlay-color":"","overlay-opacity":"","overlay-gradient":""}},"ast-content-background-meta":{"desktop":{"background-color":"var(--ast-global-color-5)","background-image":"","background-repeat":"repeat","background-position":"center center","background-size":"auto","background-attachment":"scroll","background-type":"","background-media":"","overlay-type":"","overlay-color":"","overlay-opacity":"","overlay-gradient":""},"tablet":{"background-color":"var(--ast-global-color-5)","background-image":"","background-repeat":"repeat","background-position":"center center","background-size":"auto","background-attachment":"scroll","background-type":"","background-media":"","overlay-type":"","overlay-color":"","overlay-opacity":"","overlay-gradient":""},"mobile":{"background-color":"var(--ast-global-color-5)","background-image":"","background-repeat":"repeat","background-position":"center center","background-size":"auto","background-attachment":"scroll","background-type":"","background-media":"","overlay-type":"","overlay-color":"","overlay-opacity":"","overlay-gradient":""}},"iawp_total_views":11,"footnotes":""},"class_list":["post-33","page","type-page","status-publish","hentry"],"_links":{"self":[{"href":"https:\/\/biomedicas.unp.edu.py\/index.php?rest_route=\/wp\/v2\/pages\/33","targetHints":{"allow":["GET"]}}],"collection":[{"href":"https:\/\/biomedicas.unp.edu.py\/index.php?rest_route=\/wp\/v2\/pages"}],"about":[{"href":"https:\/\/biomedicas.unp.edu.py\/index.php?rest_route=\/wp\/v2\/types\/page"}],"author":[{"embeddable":true,"href":"https:\/\/biomedicas.unp.edu.py\/index.php?rest_route=\/wp\/v2\/users\/2"}],"replies":[{"embeddable":true,"href":"https:\/\/biomedicas.unp.edu.py\/index.php?rest_route=%2Fwp%2Fv2%2Fcomments&post=33"}],"version-history":[{"count":6,"href":"https:\/\/biomedicas.unp.edu.py\/index.php?rest_route=\/wp\/v2\/pages\/33\/revisions"}],"predecessor-version":[{"id":5228,"href":"https:\/\/biomedicas.unp.edu.py\/index.php?rest_route=\/wp\/v2\/pages\/33\/revisions\/5228"}],"wp:attachment":[{"href":"https:\/\/biomedicas.unp.edu.py\/index.php?rest_route=%2Fwp%2Fv2%2Fmedia&parent=33"}],"curies":[{"name":"wp","href":"https:\/\/api.w.org\/{rel}","templated":true}]}}