{"id":3846,"date":"2023-08-17T12:09:17","date_gmt":"2023-08-17T16:09:17","guid":{"rendered":"https:\/\/biomedicas.unp.edu.py\/?page_id=3846"},"modified":"2023-08-17T12:09:17","modified_gmt":"2023-08-17T16:09:17","slug":"licenciatura-en-kinesiologia-y-fisioterapia","status":"publish","type":"page","link":"https:\/\/biomedicas.unp.edu.py\/?page_id=3846","title":{"rendered":"Licenciatura en Kinesiolog\u00eda y Fisioterapia"},"content":{"rendered":"\n<p><\/p>\n\n\n\n<p><strong>Objetivos generales<\/strong><\/p>\n\n\n\n<p>&nbsp;Formar profesionales \u00e9ticos, competentes en el \u00e1mbito del conocimiento cient\u00edfico- t\u00e9cnico para la resoluci\u00f3n de las situaciones emergentes de salud \u2013 enfermedad, tanto a nivel nacional, regional y mundial.<\/p>\n\n\n\n<p>Aportar al saber causas de la prevalencia de personas con alg\u00fan tipo de trastorno y\/o discapacidad.<\/p>\n\n\n\n<p>Mejorar la calidad de vida de personas con alg\u00fan tipo de trastorno y\/o discapacidad a trav\u00e9s de la educaci\u00f3n sanitaria y kin\u00e9sica.<\/p>\n\n\n\n<p><strong>Objetivos espec\u00edficos <\/strong><strong><\/strong><\/p>\n\n\n\n<p>Profesionales competentes para:<\/p>\n\n\n\n<p>&nbsp;Intervenir con eficiencia en los servicios de Rehabilitaci\u00f3n F\u00edsica, la familia y la comunidad.<\/p>\n\n\n\n<p>El manejo y aplicaci\u00f3n de las bases cient\u00edficas, de las t\u00e9cnicas terap\u00e9uticas Kin\u00e9sicas y de Fisioterapia, adecuados para la prevenci\u00f3n, tratamiento y rehabilitaci\u00f3n del paciente.<\/p>\n\n\n\n<p>Integrar equipos multidisciplinarios e intervenir en los programas de salud p\u00fablica, adem\u00e1s de contar con la capacidad de incorporarse a programas de internacionalizaci\u00f3n.<\/p>\n\n\n\n<p>Intervenir en el \u00e1mbito de la salud y enfermedad mediante programas de investigaci\u00f3n y extensi\u00f3n desarrollados en el \u00e1mbito de la carrera.<\/p>\n\n\n\n<p><strong>Perfil de egreso.<\/strong><\/p>\n\n\n\n<p>El perfil de egreso de una carrera destaca el conjunto de capacidades, habilidades y actitudes que debe adquirir el estudiante al concluir su carrera. Constituye un referente esencial para el dise\u00f1o y la revisi\u00f3n curricular, para la gesti\u00f3n docente, as\u00ed como para la evaluaci\u00f3n y acreditaci\u00f3n de la carrera.&nbsp;<\/p>\n\n\n\n<p>&nbsp;El kinesi\u00f3logo\/fisioterapeuta egresado es un profesional de la salud, cuya formaci\u00f3n se sustenta en el estudio del ser humano y su movimiento, tanto en su relaci\u00f3n con su medio interno y externo; interviene sobre individuos y sus comunidades, en situaciones de normalidad o disfunci\u00f3n, en pro del mejoramiento de la calidad de vida de la poblaci\u00f3n.<\/p>\n\n\n\n<p>Las competencias dadas a continuaci\u00f3n corresponden a las establecidas a nivel nacional por el Criterio de calidad de la carrera y otras elaboradas para este Proyecto Educativo a ser implementada en la UNP.\u00a0<\/p>\n\n\n\n<p><\/p>\n\n\n\n<p><strong>El egresado de la carrera de Kinesiolog\u00eda\/Fisioterapia debe ser capaz de:\u00a0<\/strong><\/p>\n\n\n\n<ul class=\"wp-block-list\">\n<li>Utilizar tecnolog\u00edas de la informaci\u00f3n y de la comunicaci\u00f3n.<\/li>\n\n\n\n<li>Comunicarse con suficiencia en las lenguas oficiales del pa\u00eds y otra lengua extranjera.<\/li>\n\n\n\n<li>Trabajar en equipos multidisciplinarios.<\/li>\n\n\n\n<li>Ajustar su conducta a las normas \u00e9ticas universalmente establecidas.<\/li>\n\n\n\n<li>Asumir el compromiso y la responsabilidad social en las actividades emprendidas hacia la b\u00fasqueda del mejoramiento de la calidad de vida.<\/li>\n\n\n\n<li>Formular, gestionar, participar y ejecutar proyectos.<\/li>\n\n\n\n<li>Demostrar compromiso con la calidad.<\/li>\n\n\n\n<li>Promover la preservaci\u00f3n del ambiente.<\/li>\n\n\n\n<li>Manifestar actitud emprendedora, creativa e innovadora en las actividades inherentes a la profesi\u00f3n.<\/li>\n\n\n\n<li>Poseer capacidad de autoaprendizaje y actualizaci\u00f3n permanente en la formaci\u00f3n profesional.<\/li>\n\n\n\n<li>Actuar de conformidad a los principios de prevenci\u00f3n, higiene y seguridad en el trabajo.<\/li>\n\n\n\n<li>Actuar con autonom\u00eda.Demostrar razonamiento cr\u00edtico y objetivo.<\/li>\n\n\n\n<li>Poseer capacidad de abstracci\u00f3n, an\u00e1lisis y s\u00edntesis.Identificar, plantear y resolver problemas.<\/li>\n\n\n\n<li>Tener capacidad de adaptarse a situaciones nuevas y cambiantes.<\/li>\n\n\n\n<li>Prevenir, evaluar, tratar y\/o recuperar la capacidad f\u00edsica de las personas.<\/li>\n\n\n\n<li>Elaborar un diagn\u00f3stico kin\u00e9sico y fisioterap\u00e9utico, basado en el razonamiento cl\u00ednico, realizando e interpretando pruebas, test y otros procedimientos diagn\u00f3sticos kin\u00e9sicos que permitan efectuar un diagnostico cin\u00e9tico-funcional, siendo \u00e9sta una facultad propia e inherente al profesional, eligiendo y cuantificando las intervenciones pertinentes.Aplicar eficientemente y eficazmente los agentes de kinesiterapia, fisioterapia y kinefilaxia.<\/li>\n\n\n\n<li>Tomar decisiones en relaci\u00f3n con las opciones alternativas de tratamiento kin\u00e9sico.\u00a0<\/li>\n\n\n\n<li>Utilizar e integrar las herramientas terap\u00e9uticas ofrecidas por las ciencias b\u00e1sicas y disciplinares en la pr\u00e1ctica kin\u00e9sica.<\/li>\n\n\n\n<li>Elaborar programas de salud en el campo de su saber y quehacer, en forma individual, en relaci\u00f3n de dependencia o integrando equipos disciplinares o multidisciplinares de salud.\u00a0<\/li>\n\n\n\n<li>Gestionar, organizar y administrar centros de salud o centros asistenciales cuyo objetivo sea brindar servicio de salud, con eficacia, eficiencia, calidad e innovaci\u00f3n en el manejo de los talentos humanos y recursos materiales.\u00a0<\/li>\n\n\n\n<li>Evaluar, investigar, asesorar y peritar en materia de la competencia kin\u00e9sica.\u00a0<\/li>\n\n\n\n<li>Formular, gestionar, participar y ejecutar proyectos de car\u00e1cter comunitario, social y de investigaci\u00f3n.\u00a0<\/li>\n\n\n\n<li>Reconocer los derechos de los pacientes, en especial el de la confidencialidad y el consentimiento informado.<\/li>\n\n\n\n<li>Poseer la capacidad para trabajar en equipos disciplinares o multidisciplinares de salud.<\/li>\n\n\n\n<li>Prestar la debida atenci\u00f3n a su propio cuidado personal y h\u00e1bitos de vida con \u00e9nfasis en su salud, manifestando un alto grado de autoconcepto.<\/li>\n\n\n\n<li>Actuar en conformidad con principios de prevenci\u00f3n, higiene y seguridad en el ejercicio de su profesi\u00f3n y en ambientes laborales.<\/li>\n\n\n\n<li>Promover la formaci\u00f3n del kinesi\u00f3logo\/fisioterapeuta en el \u00e1rea educativa y de conocimiento con evidencia cient\u00edfica.<\/li>\n\n\n\n<li>Utilizar e integrar la herramienta terap\u00e9utica kin\u00e9sica y derivar al paciente al profesional que requiere.<\/li>\n<\/ul>\n\n\n\n<p><\/p>\n\n\n\n<p><strong>Mecanismo de Admisi\u00f3n.<\/strong><\/p>\n\n\n\n<p>En el marco de los criterios de calidad para la Carrera de Kinesiolog\u00eda y Fisioterapia, el mecanismo de admisi\u00f3n, en este Proyecto Educativo, responde al prop\u00f3sito de la admisi\u00f3n general de los postulantes a fin de que tengan la oportunidad de desarrollar o nivelar las capacidades imprescindibles adecuadas a la Carrera.<\/p>\n\n\n\n<p>El Perfil de ingreso, mencionado antes, es el referente para desarrollar o fortalecer las capacidades para la inserci\u00f3n del estudiante en la Carrera.<\/p>\n\n\n\n<p>El mecanismo utilizado, posibilita durante el primer a\u00f1o lectivo, propiciar situaciones de aprendizaje para la adquisici\u00f3n de las capacidades m\u00ednimas requeridas para continuar como alumno, espec\u00edficamente, por medio de 3 (Tres) asignaturas del Plan de Estudios: Comunicaci\u00f3n Oral y Escrita, Biolog\u00eda General y Anatom\u00eda General; ya que \u00e9stas establecen las capacidades b\u00e1sicas inherentes para que el alumno pueda cursar la carrera. La aprobaci\u00f3n de esas asignaturas permitir\u00e1 permanecer en la carrera.<\/p>\n\n\n\n<p>Con este mecanismo, como se expres\u00f3 antes, se pretende propiciar la inserci\u00f3n adecuada del estudiante a la carrera de tal modo a proseguir su proceso de formaci\u00f3n orientado por el Perfil de egreso.<\/p>\n\n\n\n<p><strong>Perfil de Ingreso.<\/strong><\/p>\n\n\n\n<p>El perfil de ingreso propio de la titulaci\u00f3n requiere ciertos rasgos vocacionales relacionados y definidos por el trabajo de un profesional del \u00e1rea de la Kinesiolog\u00eda y Fisioterapia; con una sensibilidad destacada hacia el servicio a los dem\u00e1s y que posea cualidades como respeto, responsabilidad e iniciativa. Adem\u00e1s, debe poseer caracter\u00edsticas de l\u00edder para dirigir comunidades y grupos que requieran atenci\u00f3n espec\u00edfica en el cuidado de su salud, y sentirse motivado por el aprendizaje continuo a lo largo de su titulaci\u00f3n profesional y por la investigaci\u00f3n.<\/p>\n\n\n\n<p>El perfil del ingresante exige el dominio de las competencias m\u00ednimas tanto gen\u00e9ricas como espec\u00edficas que se detallan a continuaci\u00f3n:<\/p>\n\n\n\n<ul class=\"wp-block-list\">\n<li>Utiliza tecnolog\u00edas de la informaci\u00f3n y de la comunicaci\u00f3n (programas, Internet, computadoras y accesorios).<\/li>\n\n\n\n<li>Evidencia capacidad de desarrollar trabajos en equipo<\/li>\n\n\n\n<li>Demuestra responsabilidad en las actividades emprendidas.<\/li>\n\n\n\n<li>Posee capacidad de autoaprendizaje en la formaci\u00f3n profesional.<\/li>\n\n\n\n<li>Promueve entornos laborales de pr\u00e1ctica segura.<\/li>\n\n\n\n<li>Domina contenidos b\u00e1sicos de Anatom\u00eda y Biolog\u00eda<\/li>\n<\/ul>\n\n\n\n<p><strong>Los requisitos de administrativos son:<\/strong><\/p>\n\n\n\n<p>Disponer de los siguientes documentos:<\/p>\n\n\n\n<ul class=\"wp-block-list\">\n<li>Copia autenticada de T\u00edtulo visado y legalizado por la Supervisi\u00f3n Educativa<\/li>\n\n\n\n<li>Certificado de Estudios visado y legalizado por la coordinaci\u00f3n Departamental.<\/li>\n\n\n\n<li>2 Fotos tipo Carnet.<\/li>\n\n\n\n<li>1 Carpeta Archivadora colgante<\/li>\n\n\n\n<li>Certificado de Antecedente Policial.<\/li>\n\n\n\n<li>Fotocopia autenticada de C\u00e9dula de Identidad.<\/li>\n\n\n\n<li>Certificado de Nacimiento.<\/li>\n<\/ul>\n\n\n\n<p><strong>Requisitos de graduaci\u00f3n.<\/strong><\/p>\n\n\n\n<p>Aprobaci\u00f3n de las asignaturas del Plan de Estudio de la Carrera,<\/p>\n\n\n\n<p>Elaboraci\u00f3n de Trabajo de Grado (Tesina o Proyecto Social)<\/p>\n\n\n\n<p>Realizar una pasant\u00eda&nbsp;<\/p>\n\n\n\n<p><strong>Competencias del perfil de egreso<\/strong><\/p>\n\n\n\n<p>El egresado de la carrera de Kinesiolog\u00eda\/Fisioterapia debe ser capaz de:&nbsp;<\/p>\n\n\n\n<ul class=\"wp-block-list\">\n<li>Utilizar tecnolog\u00edas de la informaci\u00f3n y de la comunicaci\u00f3n.<ul><li>Comunicarse con suficiencia en las lenguas oficiales del pa\u00eds y otra lengua extranjera.<\/li><\/ul><ul><li>Trabajar en equipos multidisciplinarios.<\/li><\/ul><ul><li>Ajustar su conducta a las normas \u00e9ticas universalmente establecidas.<\/li><\/ul><ul><li>Asumir el compromiso y la responsabilidad social en las actividades emprendidas hacia la b\u00fasqueda del mejoramiento de la calidad de vida.<\/li><\/ul><ul><li>Formular, gestionar, participar y ejecutar proyectos.<\/li><\/ul><ul><li>Demostrar compromiso con la calidad.<\/li><\/ul><ul><li>Promover la preservaci\u00f3n del ambiente.<\/li><\/ul><ul><li>Manifestar actitud emprendedora, creativa e innovadora en las actividades inherentes a la profesi\u00f3n.<\/li><\/ul><ul><li>Poseer capacidad de autoaprendizaje y actualizaci\u00f3n permanente en la formaci\u00f3n profesional.<\/li><\/ul><ul><li>Actuar de conformidad a los principios de prevenci\u00f3n, higiene y seguridad en el trabajo.<\/li><\/ul><ul><li>Actuar con autonom\u00eda.<\/li><\/ul><ul><li>Demostrar razonamiento cr\u00edtico y objetivo.<\/li><\/ul><ul><li>Poseer capacidad de abstracci\u00f3n, an\u00e1lisis y s\u00edntesis.<\/li><\/ul><ul><li>Identificar, plantear y resolver problemas.<\/li><\/ul><ul><li>Tener capacidad de adaptarse a situaciones nuevas y cambiantes.<\/li><\/ul><ul><li>Prevenir, evaluar, tratar y\/o recuperar la capacidad f\u00edsica de las personas.<\/li><\/ul><ul><li>Elaborar un diagn\u00f3stico kin\u00e9sico y fisioterap\u00e9utico, basado en el razonamiento cl\u00ednico, realizando e interpretando pruebas, test y otros procedimientos diagn\u00f3sticos kin\u00e9sicos que permitan efectuar un diagnostico cin\u00e9tico-funcional, siendo \u00e9sta una facultad propia e inherente al profesional, eligiendo y cuantificando las intervenciones pertinentes.<\/li><\/ul><ul><li>Aplicar eficientemente y eficazmente los agentes de kinesiterapia, fisioterapia y kinefilaxia.<\/li><\/ul><ul><li>Tomar decisiones en relaci\u00f3n con las opciones alternativas de tratamiento kin\u00e9sico.&nbsp;<\/li><\/ul><ul><li>Utilizar e integrar las herramientas terap\u00e9uticas ofrecidas por las ciencias b\u00e1sicas y disciplinares en la pr\u00e1ctica kin\u00e9sica.<\/li><\/ul><ul><li>Elaborar programas de salud en el campo de su saber y quehacer, en forma individual, en relaci\u00f3n de dependencia o integrando equipos disciplinares o multidisciplinares de salud.&nbsp;<\/li><\/ul><ul><li>Gestionar, organizar y administrar centros de salud o centros asistenciales cuyo objetivo sea brindar servicio de salud, con eficacia, eficiencia, calidad e innovaci\u00f3n en el manejo de los talentos humanos y recursos materiales.&nbsp;<\/li><\/ul><ul><li>Evaluar, investigar, asesorar y peritar en materia de la competencia kin\u00e9sica.&nbsp;<\/li><\/ul><ul><li>Formular, gestionar, participar y ejecutar proyectos de car\u00e1cter comunitario, social y de investigaci\u00f3n.&nbsp;<\/li><\/ul><ul><li>Reconocer los derechos de los pacientes, en especial el de la confidencialidad y el consentimiento informado.<\/li><\/ul><ul><li>Poseer la capacidad para trabajar en equipos disciplinares o multidisciplinares de salud.<\/li><\/ul><ul><li>Prestar la debida atenci\u00f3n a su propio cuidado personal y h\u00e1bitos de vida con \u00e9nfasis en su salud, manifestando un alto grado de autoconcepto.<\/li><\/ul><ul><li>Actuar en conformidad con principios de prevenci\u00f3n, higiene y seguridad en el ejercicio de su profesi\u00f3n y en ambientes laborales.<\/li><\/ul><ul><li>Promover la formaci\u00f3n del kinesi\u00f3logo\/fisioterapeuta en el \u00e1rea educativa y de conocimiento con evidencia cient\u00edfica.<\/li><\/ul><ul><li>Utilizar e integrar la herramienta terap\u00e9utica kin\u00e9sica y derivar al paciente al profesional que requiere.<\/li><\/ul>\n<ul class=\"wp-block-list\">\n<li>Analiza y demuestra inter\u00e9s en el estudio del objeto, utilizando con propiedad la terminolog\u00eda t\u00e9cnica de la Anatom\u00eda humana.<\/li>\n<\/ul>\n<\/li>\n<\/ul>\n\n\n\n<p>Analizar los componentes biol\u00f3gicos en el ser humano y el funcionamiento integrando de los diferentes tejidos, \u00f3rganos y sistemas para interpretar el organismo como un sistema din\u00e1mico abierto<\/p>\n","protected":false},"excerpt":{"rendered":"<p>Objetivos generales &nbsp;Formar profesionales \u00e9ticos, competentes en el \u00e1mbito del conocimiento cient\u00edfico- t\u00e9cnico para la resoluci\u00f3n de las situaciones emergentes de salud \u2013 enfermedad, tanto a nivel nacional, regional y mundial. Aportar al saber causas de la prevalencia de personas con alg\u00fan tipo de trastorno y\/o discapacidad. Mejorar la calidad de vida de personas con [&hellip;]<\/p>\n","protected":false},"author":9,"featured_media":0,"parent":0,"menu_order":0,"comment_status":"closed","ping_status":"closed","template":"","meta":{"site-sidebar-layout":"default","site-content-layout":"","ast-site-content-layout":"default","site-content-style":"default","site-sidebar-style":"default","ast-global-header-display":"","ast-banner-title-visibility":"","ast-main-header-display":"","ast-hfb-above-header-display":"","ast-hfb-below-header-display":"","ast-hfb-mobile-header-display":"","site-post-title":"","ast-breadcrumbs-content":"","ast-featured-img":"","footer-sml-layout":"","ast-disable-related-posts":"","theme-transparent-header-meta":"","adv-header-id-meta":"","stick-header-meta":"","header-above-stick-meta":"","header-main-stick-meta":"","header-below-stick-meta":"","astra-migrate-meta-layouts":"default","ast-page-background-enabled":"default","ast-page-background-meta":{"desktop":{"background-color":"var(--ast-global-color-4)","background-image":"","background-repeat":"repeat","background-position":"center center","background-size":"auto","background-attachment":"scroll","background-type":"","background-media":"","overlay-type":"","overlay-color":"","overlay-opacity":"","overlay-gradient":""},"tablet":{"background-color":"","background-image":"","background-repeat":"repeat","background-position":"center center","background-size":"auto","background-attachment":"scroll","background-type":"","background-media":"","overlay-type":"","overlay-color":"","overlay-opacity":"","overlay-gradient":""},"mobile":{"background-color":"","background-image":"","background-repeat":"repeat","background-position":"center center","background-size":"auto","background-attachment":"scroll","background-type":"","background-media":"","overlay-type":"","overlay-color":"","overlay-opacity":"","overlay-gradient":""}},"ast-content-background-meta":{"desktop":{"background-color":"var(--ast-global-color-5)","background-image":"","background-repeat":"repeat","background-position":"center center","background-size":"auto","background-attachment":"scroll","background-type":"","background-media":"","overlay-type":"","overlay-color":"","overlay-opacity":"","overlay-gradient":""},"tablet":{"background-color":"var(--ast-global-color-5)","background-image":"","background-repeat":"repeat","background-position":"center center","background-size":"auto","background-attachment":"scroll","background-type":"","background-media":"","overlay-type":"","overlay-color":"","overlay-opacity":"","overlay-gradient":""},"mobile":{"background-color":"var(--ast-global-color-5)","background-image":"","background-repeat":"repeat","background-position":"center center","background-size":"auto","background-attachment":"scroll","background-type":"","background-media":"","overlay-type":"","overlay-color":"","overlay-opacity":"","overlay-gradient":""}},"iawp_total_views":177,"footnotes":""},"class_list":["post-3846","page","type-page","status-publish","hentry"],"_links":{"self":[{"href":"https:\/\/biomedicas.unp.edu.py\/index.php?rest_route=\/wp\/v2\/pages\/3846","targetHints":{"allow":["GET"]}}],"collection":[{"href":"https:\/\/biomedicas.unp.edu.py\/index.php?rest_route=\/wp\/v2\/pages"}],"about":[{"href":"https:\/\/biomedicas.unp.edu.py\/index.php?rest_route=\/wp\/v2\/types\/page"}],"author":[{"embeddable":true,"href":"https:\/\/biomedicas.unp.edu.py\/index.php?rest_route=\/wp\/v2\/users\/9"}],"replies":[{"embeddable":true,"href":"https:\/\/biomedicas.unp.edu.py\/index.php?rest_route=%2Fwp%2Fv2%2Fcomments&post=3846"}],"version-history":[{"count":1,"href":"https:\/\/biomedicas.unp.edu.py\/index.php?rest_route=\/wp\/v2\/pages\/3846\/revisions"}],"predecessor-version":[{"id":3849,"href":"https:\/\/biomedicas.unp.edu.py\/index.php?rest_route=\/wp\/v2\/pages\/3846\/revisions\/3849"}],"wp:attachment":[{"href":"https:\/\/biomedicas.unp.edu.py\/index.php?rest_route=%2Fwp%2Fv2%2Fmedia&parent=3846"}],"curies":[{"name":"wp","href":"https:\/\/api.w.org\/{rel}","templated":true}]}}