{"id":5213,"date":"2020-12-05T19:38:00","date_gmt":"2020-12-05T22:38:00","guid":{"rendered":"https:\/\/biomedicas.unp.edu.py\/?page_id=5213"},"modified":"2025-12-11T13:27:12","modified_gmt":"2025-12-11T16:27:12","slug":"unidad-de-bienestar-estudiantil","status":"publish","type":"page","link":"https:\/\/biomedicas.unp.edu.py\/?page_id=5213","title":{"rendered":"Unidad de Bienestar Estudiantil"},"content":{"rendered":"\n<p>La Unidad de Bienestar Estudiantil cumple un papel fundamental en la formaci\u00f3n integral de los alumnos, ya que promueve condiciones favorables para su desarrollo acad\u00e9mico, personal y social. A trav\u00e9s de programas de apoyo, acompa\u00f1amiento y orientaci\u00f3n, se busca brindar herramientas que fortalezcan la salud f\u00edsica y emocional, la participaci\u00f3n estudiantil y la igualdad de oportunidades.<\/p>\n\n\n\n<p>Este espacio contribuye a que los estudiantes se sientan contenidos, escuchados y motivados, favoreciendo su permanencia y \u00e9xito dentro de la vida universitaria. Impulsar el bienestar no solo mejora la calidad educativa, sino que tambi\u00e9n fortalece una comunidad acad\u00e9mica m\u00e1s inclusiva, comprometida y humana. <\/p>\n\n\n\n<p><br \/>Encargada de la Unidad: <em>MSc. Graciela Gamarra de Zaracho<\/em><\/p>\n\n\n\n<h3 class=\"wp-block-heading\">Contactos:<\/h3>\n\n\n\n<p>Email:\u00a0fcbgraciela@gmail.com<\/p>\n\n\n\n<p>Tel\u00e9f.: +595975775644<\/p>\n\n\n\n<figure class=\"wp-block-image aligncenter size-large is-resized\"><a href=\"https:\/\/biomedicas.unp.edu.py\/wp-content\/uploads\/2025\/12\/Bienestar-Est.-Servicios-scaled.png\"><img fetchpriority=\"high\" decoding=\"async\" width=\"1024\" height=\"512\" src=\"https:\/\/biomedicas.unp.edu.py\/wp-content\/uploads\/2025\/12\/Bienestar-Est.-Servicios-1024x512.png\" alt=\"\" class=\"wp-image-5257\" style=\"width:676px;height:auto\" srcset=\"https:\/\/biomedicas.unp.edu.py\/wp-content\/uploads\/2025\/12\/Bienestar-Est.-Servicios-1024x512.png 1024w, https:\/\/biomedicas.unp.edu.py\/wp-content\/uploads\/2025\/12\/Bienestar-Est.-Servicios-300x150.png 300w, https:\/\/biomedicas.unp.edu.py\/wp-content\/uploads\/2025\/12\/Bienestar-Est.-Servicios-768x384.png 768w, https:\/\/biomedicas.unp.edu.py\/wp-content\/uploads\/2025\/12\/Bienestar-Est.-Servicios-1536x768.png 1536w, https:\/\/biomedicas.unp.edu.py\/wp-content\/uploads\/2025\/12\/Bienestar-Est.-Servicios-2048x1024.png 2048w\" sizes=\"(max-width: 1024px) 100vw, 1024px\" \/><\/a><\/figure>\n","protected":false},"excerpt":{"rendered":"<p>La Unidad de Bienestar Estudiantil cumple un papel fundamental en la formaci\u00f3n integral de los alumnos, ya que promueve condiciones favorables para su desarrollo acad\u00e9mico, personal y social. A trav\u00e9s de programas de apoyo, acompa\u00f1amiento y orientaci\u00f3n, se busca brindar herramientas que fortalezcan la salud f\u00edsica y emocional, la participaci\u00f3n estudiantil y la igualdad de [&hellip;]<\/p>\n","protected":false},"author":9,"featured_media":0,"parent":0,"menu_order":0,"comment_status":"closed","ping_status":"closed","template":"","meta":{"site-sidebar-layout":"default","site-content-layout":"","ast-site-content-layout":"default","site-content-style":"default","site-sidebar-style":"default","ast-global-header-display":"","ast-banner-title-visibility":"","ast-main-header-display":"","ast-hfb-above-header-display":"","ast-hfb-below-header-display":"","ast-hfb-mobile-header-display":"","site-post-title":"","ast-breadcrumbs-content":"","ast-featured-img":"","footer-sml-layout":"","ast-disable-related-posts":"","theme-transparent-header-meta":"","adv-header-id-meta":"","stick-header-meta":"","header-above-stick-meta":"","header-main-stick-meta":"","header-below-stick-meta":"","astra-migrate-meta-layouts":"set","ast-page-background-enabled":"default","ast-page-background-meta":{"desktop":{"background-color":"var(--ast-global-color-4)","background-image":"","background-repeat":"repeat","background-position":"center center","background-size":"auto","background-attachment":"scroll","background-type":"","background-media":"","overlay-type":"","overlay-color":"","overlay-opacity":"","overlay-gradient":""},"tablet":{"background-color":"","background-image":"","background-repeat":"repeat","background-position":"center center","background-size":"auto","background-attachment":"scroll","background-type":"","background-media":"","overlay-type":"","overlay-color":"","overlay-opacity":"","overlay-gradient":""},"mobile":{"background-color":"","background-image":"","background-repeat":"repeat","background-position":"center center","background-size":"auto","background-attachment":"scroll","background-type":"","background-media":"","overlay-type":"","overlay-color":"","overlay-opacity":"","overlay-gradient":""}},"ast-content-background-meta":{"desktop":{"background-color":"var(--ast-global-color-5)","background-image":"","background-repeat":"repeat","background-position":"center center","background-size":"auto","background-attachment":"scroll","background-type":"","background-media":"","overlay-type":"","overlay-color":"","overlay-opacity":"","overlay-gradient":""},"tablet":{"background-color":"var(--ast-global-color-5)","background-image":"","background-repeat":"repeat","background-position":"center center","background-size":"auto","background-attachment":"scroll","background-type":"","background-media":"","overlay-type":"","overlay-color":"","overlay-opacity":"","overlay-gradient":""},"mobile":{"background-color":"var(--ast-global-color-5)","background-image":"","background-repeat":"repeat","background-position":"center center","background-size":"auto","background-attachment":"scroll","background-type":"","background-media":"","overlay-type":"","overlay-color":"","overlay-opacity":"","overlay-gradient":""}},"iawp_total_views":7,"footnotes":""},"class_list":["post-5213","page","type-page","status-publish","hentry"],"_links":{"self":[{"href":"https:\/\/biomedicas.unp.edu.py\/index.php?rest_route=\/wp\/v2\/pages\/5213","targetHints":{"allow":["GET"]}}],"collection":[{"href":"https:\/\/biomedicas.unp.edu.py\/index.php?rest_route=\/wp\/v2\/pages"}],"about":[{"href":"https:\/\/biomedicas.unp.edu.py\/index.php?rest_route=\/wp\/v2\/types\/page"}],"author":[{"embeddable":true,"href":"https:\/\/biomedicas.unp.edu.py\/index.php?rest_route=\/wp\/v2\/users\/9"}],"replies":[{"embeddable":true,"href":"https:\/\/biomedicas.unp.edu.py\/index.php?rest_route=%2Fwp%2Fv2%2Fcomments&post=5213"}],"version-history":[{"count":4,"href":"https:\/\/biomedicas.unp.edu.py\/index.php?rest_route=\/wp\/v2\/pages\/5213\/revisions"}],"predecessor-version":[{"id":5260,"href":"https:\/\/biomedicas.unp.edu.py\/index.php?rest_route=\/wp\/v2\/pages\/5213\/revisions\/5260"}],"wp:attachment":[{"href":"https:\/\/biomedicas.unp.edu.py\/index.php?rest_route=%2Fwp%2Fv2%2Fmedia&parent=5213"}],"curies":[{"name":"wp","href":"https:\/\/api.w.org\/{rel}","templated":true}]}}