{"id":5218,"date":"2025-12-05T19:48:23","date_gmt":"2025-12-05T22:48:23","guid":{"rendered":"https:\/\/biomedicas.unp.edu.py\/?page_id=5218"},"modified":"2025-12-11T13:21:03","modified_gmt":"2025-12-11T16:21:03","slug":"coordinacion-de-extension","status":"publish","type":"page","link":"https:\/\/biomedicas.unp.edu.py\/?page_id=5218","title":{"rendered":"Coordinaci\u00f3n de Grado y Posgrado"},"content":{"rendered":"\n<p>La coordinaci\u00f3n de Grado y Posgrado constituye un pilar fundamental para garantizar la calidad acad\u00e9mica y el desarrollo integral de los estudiantes. A trav\u00e9s de una gesti\u00f3n organizada y articulada, se asegura la planificaci\u00f3n adecuada de los planes de estudio, la actualizaci\u00f3n permanente de los programas formativos y el acompa\u00f1amiento acad\u00e9mico durante toda la trayectoria educativa.<\/p>\n\n\n\n<p>Encargada: Lic. Timotea Victoria Acu\u00f1a P\u00e9rez<\/p>\n\n\n\n<p><strong>Horario:<\/strong><\/p>\n\n\n\n<p>Lunes a Viernes: 07:30 a 13:30 hs. <\/p>\n\n\n\n<h6 class=\"wp-block-heading\">Contactos:<\/h6>\n\n\n\n<p>Email:&nbsp;dptodegradofcb@gmail.com<\/p>\n\n\n\n<p>Tel\u00e9f.: +595975756328<\/p>\n\n\n\n<div class=\"wp-block-columns is-layout-flex wp-container-core-columns-is-layout-28f84493 wp-block-columns-is-layout-flex\">\n<div class=\"wp-block-column is-layout-flow wp-block-column-is-layout-flow\">\n<figure class=\"wp-block-image aligncenter size-large is-resized\"><a href=\"https:\/\/biomedicas.unp.edu.py\/wp-content\/uploads\/2025\/12\/WhatsApp-Image-2025-12-11-at-12.52.24-2.jpeg\"><img fetchpriority=\"high\" decoding=\"async\" width=\"725\" height=\"1024\" src=\"https:\/\/biomedicas.unp.edu.py\/wp-content\/uploads\/2025\/12\/WhatsApp-Image-2025-12-11-at-12.52.24-2-725x1024.jpeg\" alt=\"\" class=\"wp-image-5255\" style=\"aspect-ratio:0.7080113598837593;width:298px;height:auto\" srcset=\"https:\/\/biomedicas.unp.edu.py\/wp-content\/uploads\/2025\/12\/WhatsApp-Image-2025-12-11-at-12.52.24-2-725x1024.jpeg 725w, https:\/\/biomedicas.unp.edu.py\/wp-content\/uploads\/2025\/12\/WhatsApp-Image-2025-12-11-at-12.52.24-2-212x300.jpeg 212w, https:\/\/biomedicas.unp.edu.py\/wp-content\/uploads\/2025\/12\/WhatsApp-Image-2025-12-11-at-12.52.24-2-768x1084.jpeg 768w, https:\/\/biomedicas.unp.edu.py\/wp-content\/uploads\/2025\/12\/WhatsApp-Image-2025-12-11-at-12.52.24-2.jpeg 828w\" sizes=\"(max-width: 725px) 100vw, 725px\" \/><\/a><\/figure>\n<\/div>\n\n\n\n<div class=\"wp-block-column is-layout-flow wp-block-column-is-layout-flow\">\n<figure class=\"wp-block-image aligncenter size-large is-resized\"><a href=\"https:\/\/biomedicas.unp.edu.py\/wp-content\/uploads\/2025\/12\/WhatsApp-Image-2025-12-11-at-12.52.24-1.jpeg\"><img decoding=\"async\" width=\"725\" height=\"1024\" src=\"https:\/\/biomedicas.unp.edu.py\/wp-content\/uploads\/2025\/12\/WhatsApp-Image-2025-12-11-at-12.52.24-1-725x1024.jpeg\" alt=\"\" class=\"wp-image-5254\" style=\"aspect-ratio:0.7080113598837593;width:302px;height:auto\" srcset=\"https:\/\/biomedicas.unp.edu.py\/wp-content\/uploads\/2025\/12\/WhatsApp-Image-2025-12-11-at-12.52.24-1-725x1024.jpeg 725w, https:\/\/biomedicas.unp.edu.py\/wp-content\/uploads\/2025\/12\/WhatsApp-Image-2025-12-11-at-12.52.24-1-212x300.jpeg 212w, https:\/\/biomedicas.unp.edu.py\/wp-content\/uploads\/2025\/12\/WhatsApp-Image-2025-12-11-at-12.52.24-1-768x1084.jpeg 768w, https:\/\/biomedicas.unp.edu.py\/wp-content\/uploads\/2025\/12\/WhatsApp-Image-2025-12-11-at-12.52.24-1.jpeg 828w\" sizes=\"(max-width: 725px) 100vw, 725px\" \/><\/a><\/figure>\n<\/div>\n<\/div>\n\n\n\n<p><br \/><\/p>\n","protected":false},"excerpt":{"rendered":"<p>La coordinaci\u00f3n de Grado y Posgrado constituye un pilar fundamental para garantizar la calidad acad\u00e9mica y el desarrollo integral de los estudiantes. A trav\u00e9s de una gesti\u00f3n organizada y articulada, se asegura la planificaci\u00f3n adecuada de los planes de estudio, la actualizaci\u00f3n permanente de los programas formativos y el acompa\u00f1amiento acad\u00e9mico durante toda la trayectoria [&hellip;]<\/p>\n","protected":false},"author":9,"featured_media":0,"parent":0,"menu_order":0,"comment_status":"closed","ping_status":"closed","template":"","meta":{"site-sidebar-layout":"default","site-content-layout":"","ast-site-content-layout":"default","site-content-style":"default","site-sidebar-style":"default","ast-global-header-display":"","ast-banner-title-visibility":"","ast-main-header-display":"","ast-hfb-above-header-display":"","ast-hfb-below-header-display":"","ast-hfb-mobile-header-display":"","site-post-title":"","ast-breadcrumbs-content":"","ast-featured-img":"","footer-sml-layout":"","ast-disable-related-posts":"","theme-transparent-header-meta":"","adv-header-id-meta":"","stick-header-meta":"","header-above-stick-meta":"","header-main-stick-meta":"","header-below-stick-meta":"","astra-migrate-meta-layouts":"set","ast-page-background-enabled":"default","ast-page-background-meta":{"desktop":{"background-color":"var(--ast-global-color-4)","background-image":"","background-repeat":"repeat","background-position":"center center","background-size":"auto","background-attachment":"scroll","background-type":"","background-media":"","overlay-type":"","overlay-color":"","overlay-opacity":"","overlay-gradient":""},"tablet":{"background-color":"","background-image":"","background-repeat":"repeat","background-position":"center center","background-size":"auto","background-attachment":"scroll","background-type":"","background-media":"","overlay-type":"","overlay-color":"","overlay-opacity":"","overlay-gradient":""},"mobile":{"background-color":"","background-image":"","background-repeat":"repeat","background-position":"center center","background-size":"auto","background-attachment":"scroll","background-type":"","background-media":"","overlay-type":"","overlay-color":"","overlay-opacity":"","overlay-gradient":""}},"ast-content-background-meta":{"desktop":{"background-color":"var(--ast-global-color-5)","background-image":"","background-repeat":"repeat","background-position":"center center","background-size":"auto","background-attachment":"scroll","background-type":"","background-media":"","overlay-type":"","overlay-color":"","overlay-opacity":"","overlay-gradient":""},"tablet":{"background-color":"var(--ast-global-color-5)","background-image":"","background-repeat":"repeat","background-position":"center center","background-size":"auto","background-attachment":"scroll","background-type":"","background-media":"","overlay-type":"","overlay-color":"","overlay-opacity":"","overlay-gradient":""},"mobile":{"background-color":"var(--ast-global-color-5)","background-image":"","background-repeat":"repeat","background-position":"center center","background-size":"auto","background-attachment":"scroll","background-type":"","background-media":"","overlay-type":"","overlay-color":"","overlay-opacity":"","overlay-gradient":""}},"iawp_total_views":12,"footnotes":""},"class_list":["post-5218","page","type-page","status-publish","hentry"],"_links":{"self":[{"href":"https:\/\/biomedicas.unp.edu.py\/index.php?rest_route=\/wp\/v2\/pages\/5218","targetHints":{"allow":["GET"]}}],"collection":[{"href":"https:\/\/biomedicas.unp.edu.py\/index.php?rest_route=\/wp\/v2\/pages"}],"about":[{"href":"https:\/\/biomedicas.unp.edu.py\/index.php?rest_route=\/wp\/v2\/types\/page"}],"author":[{"embeddable":true,"href":"https:\/\/biomedicas.unp.edu.py\/index.php?rest_route=\/wp\/v2\/users\/9"}],"replies":[{"embeddable":true,"href":"https:\/\/biomedicas.unp.edu.py\/index.php?rest_route=%2Fwp%2Fv2%2Fcomments&post=5218"}],"version-history":[{"count":4,"href":"https:\/\/biomedicas.unp.edu.py\/index.php?rest_route=\/wp\/v2\/pages\/5218\/revisions"}],"predecessor-version":[{"id":5259,"href":"https:\/\/biomedicas.unp.edu.py\/index.php?rest_route=\/wp\/v2\/pages\/5218\/revisions\/5259"}],"wp:attachment":[{"href":"https:\/\/biomedicas.unp.edu.py\/index.php?rest_route=%2Fwp%2Fv2%2Fmedia&parent=5218"}],"curies":[{"name":"wp","href":"https:\/\/api.w.org\/{rel}","templated":true}]}}