{"id":5222,"date":"2025-12-05T19:50:09","date_gmt":"2025-12-05T22:50:09","guid":{"rendered":"https:\/\/biomedicas.unp.edu.py\/?page_id=5222"},"modified":"2026-02-11T11:49:19","modified_gmt":"2026-02-11T14:49:19","slug":"practicas-y-pasantias","status":"publish","type":"page","link":"https:\/\/biomedicas.unp.edu.py\/?page_id=5222","title":{"rendered":"Pr\u00e1cticas y Pasant\u00edas"},"content":{"rendered":"\n<p> Cumple un rol fundamental en la formaci\u00f3n integral de los estudiantes, ya que constituye el nexo entre la teor\u00eda acad\u00e9mica y la experiencia profesional en el campo laboral. Su misi\u00f3n es coordinar, supervisar y acompa\u00f1ar los procesos de inserci\u00f3n de los alumnos en instituciones y organizaciones, garantizando que cada pr\u00e1ctica se desarrolle en un entorno adecuado y acorde al perfil profesional de la Carrera.<\/p>\n\n\n\n<p>Esta unidad no solo facilita oportunidades de aprendizaje pr\u00e1ctico, sino que tambi\u00e9n fortalece competencias t\u00e9cnicas, \u00e9ticas y humanas, esenciales para el desempe\u00f1o responsable y eficiente en el \u00e1mbito profesional. A trav\u00e9s de convenios estrat\u00e9gicos con instituciones, promueve espacios de formaci\u00f3n que enriquecen la experiencia acad\u00e9mica y favorecen la empleabilidad de los futuros egresados.<\/p>\n\n\n\n<p>En la Facultad de Ciencias Biom\u00e9dicas, la Unidad de Pr\u00e1cticas y Pasant\u00edas es un pilar clave para asegurar una educaci\u00f3n de calidad, orientada a la realidad del entorno y comprometida con la excelencia profesional.<\/p>\n\n\n\n<p><strong>Coordinadora:<\/strong> <\/p>\n\n\n\n<p>Lic. Liliana Del Pilar L\u00f3pez.<\/p>\n\n\n\n<p><strong>Horario:<\/strong><\/p>\n\n\n\n<p>Lunes a Viernes: 07:30 a 13:30 hs.<\/p>\n\n\n\n<p><strong>Contacto:<\/strong><\/p>\n\n\n\n<p>fcbpracticas.pasantias22@gmail.com<\/p>\n\n\n\n<div data-wp-interactive=\"core\/file\" class=\"wp-block-file\"><object data-wp-bind--hidden=\"!state.hasPdfPreview\" hidden class=\"wp-block-file__embed\" data=\"https:\/\/biomedicas.unp.edu.py\/wp-content\/uploads\/2026\/02\/ReglamentoResolucion.pdf\" type=\"application\/pdf\" style=\"width:100%;height:600px\" aria-label=\"Incrustado de Reglamento+Resoluci\u00f3n.\"><\/object><a id=\"wp-block-file--media-58fe2525-0b6b-4f6c-a29e-856b6d54d4fa\" href=\"https:\/\/biomedicas.unp.edu.py\/wp-content\/uploads\/2026\/02\/ReglamentoResolucion.pdf\">Reglamento+Resoluci\u00f3n<\/a><a href=\"https:\/\/biomedicas.unp.edu.py\/wp-content\/uploads\/2026\/02\/ReglamentoResolucion.pdf\" class=\"wp-block-file__button wp-element-button\" download aria-describedby=\"wp-block-file--media-58fe2525-0b6b-4f6c-a29e-856b6d54d4fa\">Descarga<\/a><\/div>\n","protected":false},"excerpt":{"rendered":"<p>Cumple un rol fundamental en la formaci\u00f3n integral de los estudiantes, ya que constituye el nexo entre la teor\u00eda acad\u00e9mica y la experiencia profesional en el campo laboral. Su misi\u00f3n es coordinar, supervisar y acompa\u00f1ar los procesos de inserci\u00f3n de los alumnos en instituciones y organizaciones, garantizando que cada pr\u00e1ctica se desarrolle en un entorno [&hellip;]<\/p>\n","protected":false},"author":9,"featured_media":0,"parent":0,"menu_order":0,"comment_status":"closed","ping_status":"closed","template":"","meta":{"site-sidebar-layout":"default","site-content-layout":"","ast-site-content-layout":"default","site-content-style":"default","site-sidebar-style":"default","ast-global-header-display":"","ast-banner-title-visibility":"","ast-main-header-display":"","ast-hfb-above-header-display":"","ast-hfb-below-header-display":"","ast-hfb-mobile-header-display":"","site-post-title":"","ast-breadcrumbs-content":"","ast-featured-img":"","footer-sml-layout":"","ast-disable-related-posts":"","theme-transparent-header-meta":"","adv-header-id-meta":"","stick-header-meta":"","header-above-stick-meta":"","header-main-stick-meta":"","header-below-stick-meta":"","astra-migrate-meta-layouts":"set","ast-page-background-enabled":"default","ast-page-background-meta":{"desktop":{"background-color":"var(--ast-global-color-4)","background-image":"","background-repeat":"repeat","background-position":"center center","background-size":"auto","background-attachment":"scroll","background-type":"","background-media":"","overlay-type":"","overlay-color":"","overlay-opacity":"","overlay-gradient":""},"tablet":{"background-color":"","background-image":"","background-repeat":"repeat","background-position":"center center","background-size":"auto","background-attachment":"scroll","background-type":"","background-media":"","overlay-type":"","overlay-color":"","overlay-opacity":"","overlay-gradient":""},"mobile":{"background-color":"","background-image":"","background-repeat":"repeat","background-position":"center center","background-size":"auto","background-attachment":"scroll","background-type":"","background-media":"","overlay-type":"","overlay-color":"","overlay-opacity":"","overlay-gradient":""}},"ast-content-background-meta":{"desktop":{"background-color":"var(--ast-global-color-5)","background-image":"","background-repeat":"repeat","background-position":"center center","background-size":"auto","background-attachment":"scroll","background-type":"","background-media":"","overlay-type":"","overlay-color":"","overlay-opacity":"","overlay-gradient":""},"tablet":{"background-color":"var(--ast-global-color-5)","background-image":"","background-repeat":"repeat","background-position":"center center","background-size":"auto","background-attachment":"scroll","background-type":"","background-media":"","overlay-type":"","overlay-color":"","overlay-opacity":"","overlay-gradient":""},"mobile":{"background-color":"var(--ast-global-color-5)","background-image":"","background-repeat":"repeat","background-position":"center center","background-size":"auto","background-attachment":"scroll","background-type":"","background-media":"","overlay-type":"","overlay-color":"","overlay-opacity":"","overlay-gradient":""}},"iawp_total_views":8,"footnotes":""},"class_list":["post-5222","page","type-page","status-publish","hentry"],"_links":{"self":[{"href":"https:\/\/biomedicas.unp.edu.py\/index.php?rest_route=\/wp\/v2\/pages\/5222","targetHints":{"allow":["GET"]}}],"collection":[{"href":"https:\/\/biomedicas.unp.edu.py\/index.php?rest_route=\/wp\/v2\/pages"}],"about":[{"href":"https:\/\/biomedicas.unp.edu.py\/index.php?rest_route=\/wp\/v2\/types\/page"}],"author":[{"embeddable":true,"href":"https:\/\/biomedicas.unp.edu.py\/index.php?rest_route=\/wp\/v2\/users\/9"}],"replies":[{"embeddable":true,"href":"https:\/\/biomedicas.unp.edu.py\/index.php?rest_route=%2Fwp%2Fv2%2Fcomments&post=5222"}],"version-history":[{"count":3,"href":"https:\/\/biomedicas.unp.edu.py\/index.php?rest_route=\/wp\/v2\/pages\/5222\/revisions"}],"predecessor-version":[{"id":5439,"href":"https:\/\/biomedicas.unp.edu.py\/index.php?rest_route=\/wp\/v2\/pages\/5222\/revisions\/5439"}],"wp:attachment":[{"href":"https:\/\/biomedicas.unp.edu.py\/index.php?rest_route=%2Fwp%2Fv2%2Fmedia&parent=5222"}],"curies":[{"name":"wp","href":"https:\/\/api.w.org\/{rel}","templated":true}]}}