{"id":5239,"date":"2025-12-11T11:23:38","date_gmt":"2025-12-11T14:23:38","guid":{"rendered":"https:\/\/biomedicas.unp.edu.py\/?page_id=5239"},"modified":"2025-12-11T11:57:17","modified_gmt":"2025-12-11T14:57:17","slug":"movilidad-academica","status":"publish","type":"page","link":"https:\/\/biomedicas.unp.edu.py\/?page_id=5239","title":{"rendered":"Movilidad Acad\u00e9mica"},"content":{"rendered":"\n<p>La movilidad acad\u00e9mica es un eje estrat\u00e9gico para fortalecer la formaci\u00f3n de estudiantes y docentes, promoviendo el intercambio de conocimientos y la cooperaci\u00f3n interinstitucional. A trav\u00e9s de nuestros programas, impulsamos la internacionalizaci\u00f3n como un componente esencial del desarrollo acad\u00e9mico, la innovaci\u00f3n y la proyecci\u00f3n institucional.<\/p>\n\n\n\n<p>A continuaci\u00f3n se presentan los programas de movilidad disponibles y el Reglamento de Movilidad Acad\u00e9mica, que orienta los criterios y procedimientos para participar en estas oportunidades.<\/p>\n\n\n\n<p><strong>Programas disponibles de Movilidad Acad\u00e9mica e intercambio donde la Universidad Nacional de Pilar es miembro: <\/strong><\/p>\n\n\n\n<figure class=\"wp-block-image aligncenter size-full\"><a href=\"https:\/\/biomedicas.unp.edu.py\/wp-content\/uploads\/2025\/12\/image.png\"><img fetchpriority=\"high\" decoding=\"async\" width=\"497\" height=\"249\" src=\"https:\/\/biomedicas.unp.edu.py\/wp-content\/uploads\/2025\/12\/image.png\" alt=\"\" class=\"wp-image-5243\" srcset=\"https:\/\/biomedicas.unp.edu.py\/wp-content\/uploads\/2025\/12\/image.png 497w, https:\/\/biomedicas.unp.edu.py\/wp-content\/uploads\/2025\/12\/image-300x150.png 300w\" sizes=\"(max-width: 497px) 100vw, 497px\" \/><\/a><\/figure>\n\n\n\n<p class=\"has-text-align-center\"><strong>ZONA DE INTEGRACI\u00d3N DEL CENTRO OESTE DE AM\u00c9RICA DEL SUR (ZICOSUR)<\/strong><\/p>\n\n\n\n<p class=\"has-text-align-center\">&#8211; Docente &#8211; Grado &#8211; Postgrado &#8211; Gestores<\/p>\n\n\n\n<p class=\"has-text-align-center\"><a href=\"http:\/\/zicosur.co\/\" target=\"_blank\" rel=\"noreferrer noopener\">Ir al Sitio Web<\/a><\/p>\n\n\n\n<p class=\"has-text-align-center\"><\/p>\n\n\n\n<figure class=\"wp-block-image aligncenter size-full\"><a href=\"https:\/\/biomedicas.unp.edu.py\/wp-content\/uploads\/2025\/12\/image-1.png\"><img decoding=\"async\" width=\"330\" height=\"100\" src=\"https:\/\/biomedicas.unp.edu.py\/wp-content\/uploads\/2025\/12\/image-1.png\" alt=\"\" class=\"wp-image-5244\" srcset=\"https:\/\/biomedicas.unp.edu.py\/wp-content\/uploads\/2025\/12\/image-1.png 330w, https:\/\/biomedicas.unp.edu.py\/wp-content\/uploads\/2025\/12\/image-1-300x91.png 300w\" sizes=\"(max-width: 330px) 100vw, 330px\" \/><\/a><\/figure>\n\n\n\n<p class=\"has-text-align-center\"><strong>PROGRAMA DE INTERCAMBIO ACAD\u00c9MICO LATINOAMERICANO<\/strong><\/p>\n\n\n\n<p class=\"has-text-align-center\">Grado y Postgrado<\/p>\n\n\n\n<p class=\"has-text-align-center\"><a href=\"https:\/\/www.programapila.lat\/\" target=\"_blank\" rel=\"noreferrer noopener\">Ir al Sitio Web<\/a><\/p>\n\n\n\n<p><\/p>\n\n\n\n<figure class=\"wp-block-image aligncenter size-full\"><a href=\"https:\/\/biomedicas.unp.edu.py\/wp-content\/uploads\/2025\/12\/image-2.png\"><img decoding=\"async\" width=\"422\" height=\"120\" src=\"https:\/\/biomedicas.unp.edu.py\/wp-content\/uploads\/2025\/12\/image-2.png\" alt=\"\" class=\"wp-image-5245\" srcset=\"https:\/\/biomedicas.unp.edu.py\/wp-content\/uploads\/2025\/12\/image-2.png 422w, https:\/\/biomedicas.unp.edu.py\/wp-content\/uploads\/2025\/12\/image-2-300x85.png 300w\" sizes=\"(max-width: 422px) 100vw, 422px\" \/><\/a><\/figure>\n\n\n\n<p class=\"has-text-align-center\"><strong>ERASMUS<\/strong><\/p>\n\n\n\n<p class=\"has-text-align-center\">&#8211; Grado &#8211; Maestr\u00edas y Doctorados &#8211; Estancias de Investigaci\u00f3n<\/p>\n\n\n\n<p class=\"has-text-align-center\"><a href=\"https:\/\/www.eacea.ec.europa.eu\/scholarships\/emjmd-catalogue_es\" target=\"_blank\" rel=\"noreferrer noopener\">Ir al Sitio Web<\/a><\/p>\n\n\n\n<p><\/p>\n\n\n\n<figure class=\"wp-block-image aligncenter size-full\"><a href=\"https:\/\/biomedicas.unp.edu.py\/wp-content\/uploads\/2025\/12\/image-3.png\"><img loading=\"lazy\" decoding=\"async\" width=\"456\" height=\"119\" src=\"https:\/\/biomedicas.unp.edu.py\/wp-content\/uploads\/2025\/12\/image-3.png\" alt=\"\" class=\"wp-image-5246\" srcset=\"https:\/\/biomedicas.unp.edu.py\/wp-content\/uploads\/2025\/12\/image-3.png 456w, https:\/\/biomedicas.unp.edu.py\/wp-content\/uploads\/2025\/12\/image-3-300x78.png 300w\" sizes=\"(max-width: 456px) 100vw, 456px\" \/><\/a><\/figure>\n\n\n\n<p class=\"has-text-align-center\"><strong>ASOCIACI\u00d3N DE UNIVERSIDADES GRUPO MONTEVIDEO (AUGM)<\/strong><\/p>\n\n\n\n<p class=\"has-text-align-center\">&#8211; Docente &#8211; Grado &#8211; Postgrado &#8211; Gestores<\/p>\n\n\n\n<p class=\"has-text-align-center\"><a href=\"https:\/\/grupomontevideo.org\/site\/\">Ir al Sitio Web<\/a><\/p>\n\n\n\n<p><\/p>\n\n\n\n<div class=\"wp-block-buttons is-layout-flex wp-block-buttons-is-layout-flex\">\n<div class=\"wp-block-button\"><a class=\"wp-block-button__link wp-element-button\" href=\"https:\/\/biomedicas.unp.edu.py\/wp-content\/uploads\/2025\/12\/Resolucion-CSU-N\u00b0-107-2023-Reglamento-General-de-Movilidad-Academica.pdf\">Reglamento de Movilidad Acad\u00e9mica<\/a><\/div>\n<\/div>\n\n\n\n<p><\/p>\n","protected":false},"excerpt":{"rendered":"<p>La movilidad acad\u00e9mica es un eje estrat\u00e9gico para fortalecer la formaci\u00f3n de estudiantes y docentes, promoviendo el intercambio de conocimientos y la cooperaci\u00f3n interinstitucional. A trav\u00e9s de nuestros programas, impulsamos la internacionalizaci\u00f3n como un componente esencial del desarrollo acad\u00e9mico, la innovaci\u00f3n y la proyecci\u00f3n institucional. A continuaci\u00f3n se presentan los programas de movilidad disponibles y [&hellip;]<\/p>\n","protected":false},"author":9,"featured_media":0,"parent":0,"menu_order":0,"comment_status":"closed","ping_status":"closed","template":"","meta":{"site-sidebar-layout":"default","site-content-layout":"","ast-site-content-layout":"default","site-content-style":"default","site-sidebar-style":"default","ast-global-header-display":"","ast-banner-title-visibility":"","ast-main-header-display":"","ast-hfb-above-header-display":"","ast-hfb-below-header-display":"","ast-hfb-mobile-header-display":"","site-post-title":"","ast-breadcrumbs-content":"","ast-featured-img":"","footer-sml-layout":"","ast-disable-related-posts":"","theme-transparent-header-meta":"","adv-header-id-meta":"","stick-header-meta":"","header-above-stick-meta":"","header-main-stick-meta":"","header-below-stick-meta":"","astra-migrate-meta-layouts":"set","ast-page-background-enabled":"default","ast-page-background-meta":{"desktop":{"background-color":"var(--ast-global-color-4)","background-image":"","background-repeat":"repeat","background-position":"center center","background-size":"auto","background-attachment":"scroll","background-type":"","background-media":"","overlay-type":"","overlay-color":"","overlay-opacity":"","overlay-gradient":""},"tablet":{"background-color":"","background-image":"","background-repeat":"repeat","background-position":"center center","background-size":"auto","background-attachment":"scroll","background-type":"","background-media":"","overlay-type":"","overlay-color":"","overlay-opacity":"","overlay-gradient":""},"mobile":{"background-color":"","background-image":"","background-repeat":"repeat","background-position":"center center","background-size":"auto","background-attachment":"scroll","background-type":"","background-media":"","overlay-type":"","overlay-color":"","overlay-opacity":"","overlay-gradient":""}},"ast-content-background-meta":{"desktop":{"background-color":"var(--ast-global-color-5)","background-image":"","background-repeat":"repeat","background-position":"center center","background-size":"auto","background-attachment":"scroll","background-type":"","background-media":"","overlay-type":"","overlay-color":"","overlay-opacity":"","overlay-gradient":""},"tablet":{"background-color":"var(--ast-global-color-5)","background-image":"","background-repeat":"repeat","background-position":"center center","background-size":"auto","background-attachment":"scroll","background-type":"","background-media":"","overlay-type":"","overlay-color":"","overlay-opacity":"","overlay-gradient":""},"mobile":{"background-color":"var(--ast-global-color-5)","background-image":"","background-repeat":"repeat","background-position":"center center","background-size":"auto","background-attachment":"scroll","background-type":"","background-media":"","overlay-type":"","overlay-color":"","overlay-opacity":"","overlay-gradient":""}},"iawp_total_views":6,"footnotes":""},"class_list":["post-5239","page","type-page","status-publish","hentry"],"_links":{"self":[{"href":"https:\/\/biomedicas.unp.edu.py\/index.php?rest_route=\/wp\/v2\/pages\/5239","targetHints":{"allow":["GET"]}}],"collection":[{"href":"https:\/\/biomedicas.unp.edu.py\/index.php?rest_route=\/wp\/v2\/pages"}],"about":[{"href":"https:\/\/biomedicas.unp.edu.py\/index.php?rest_route=\/wp\/v2\/types\/page"}],"author":[{"embeddable":true,"href":"https:\/\/biomedicas.unp.edu.py\/index.php?rest_route=\/wp\/v2\/users\/9"}],"replies":[{"embeddable":true,"href":"https:\/\/biomedicas.unp.edu.py\/index.php?rest_route=%2Fwp%2Fv2%2Fcomments&post=5239"}],"version-history":[{"count":4,"href":"https:\/\/biomedicas.unp.edu.py\/index.php?rest_route=\/wp\/v2\/pages\/5239\/revisions"}],"predecessor-version":[{"id":5249,"href":"https:\/\/biomedicas.unp.edu.py\/index.php?rest_route=\/wp\/v2\/pages\/5239\/revisions\/5249"}],"wp:attachment":[{"href":"https:\/\/biomedicas.unp.edu.py\/index.php?rest_route=%2Fwp%2Fv2%2Fmedia&parent=5239"}],"curies":[{"name":"wp","href":"https:\/\/api.w.org\/{rel}","templated":true}]}}