{"id":802,"date":"2019-07-04T23:36:54","date_gmt":"2019-07-04T23:36:54","guid":{"rendered":"http:\/\/biomedicas.unp.edu.py\/?page_id=802"},"modified":"2019-11-18T19:13:17","modified_gmt":"2019-11-18T19:13:17","slug":"reglamentos","status":"publish","type":"page","link":"https:\/\/biomedicas.unp.edu.py\/?page_id=802","title":{"rendered":"Reglamentos"},"content":{"rendered":"\n<h2 class=\"wp-block-heading\" style=\"text-align:center\">Consejo Directivo <\/h2>\n\n\n\n<p>Reglamento de Laboratorio de Simulaci\u00f3n de la Facultad de Ciencias Biom\u00e9dicas. <a href=\"http:\/\/biomedicas.unp.edu.py\/wp-content\/uploads\/2019\/09\/Resol.-N\u00b0-058-2019-Reglamento-de-Loratorio-de-Simulaci\u00f3n-de-la-FCB-UNP-3.pdf\">Descargar<\/a><\/p>\n\n\n\n<p>Mecanismo de comunicaci\u00f3n interna y externa de la Facultad de Ciencias Biom\u00e9dicas. <a href=\"http:\/\/biomedicas.unp.edu.py\/wp-content\/uploads\/2019\/10\/Resol.-N\u00b0-063-2017.pdf\">Descargar<\/a><\/p>\n\n\n\n<p>Mecanismo de seguimiento y Evaluaci\u00f3n del Plan Estrat\u00e9gico Instucional y del Plan de Desarrollol. <a href=\"http:\/\/biomedicas.unp.edu.py\/wp-content\/uploads\/2019\/09\/Mecanismo-de-seguimiento-y-Evaluaci\u00f3n-del-Plan-Estrat\u00e9gico-Instucional-y-del-Plan-de-Desarrollol2.pdf\">Descargar<\/a><\/p>\n\n\n\n<p>Mecanismos para determinar las Tasas de Retenci\u00f3n, Deserci\u00f3n y Graduaci\u00f3n de alumnos por Cohorte. <a href=\"http:\/\/biomedicas.unp.edu.py\/wp-content\/uploads\/2019\/09\/Mecanismo-para-determinar-las-tasas-de-retencion-deserci\u00f3n-y-graduacion-de-alumnos-por-cohorte.pdf\">Descargar<\/a><\/p>\n\n\n\n<p>Plan de Seguimiento a Egresados &#8211; Facultad de Ciencias Biom\u00e9dicas &#8211; UNP. <a href=\"http:\/\/biomedicas.unp.edu.py\/wp-content\/uploads\/2019\/09\/Plan-de-seguimiento-a-egresado.pdf\">Descargar<\/a><\/p>\n\n\n\n<p>Reglamento de Pr\u00e1cticas y Pasant\u00edas de la Carrera de Lic. en Enfermer\u00eda. <a href=\"http:\/\/biomedicas.unp.edu.py\/wp-content\/uploads\/2019\/09\/Reglamento-de-Pract.-y-Pasantia-de-la-Carrera-de-Lic.-en-Enfermeria-1.pdf\">Descargar<\/a><\/p>\n\n\n\n<p>Manual de Organizaci\u00f3n y Funciones de la Facultad de Ciencias Biom\u00e9dicas. <a href=\"http:\/\/biomedicas.unp.edu.py\/wp-content\/uploads\/2019\/09\/Manual-de-Organizaci\u00f3n-y-Funciones.pdf\">Descargar<\/a><\/p>\n\n\n\n<p>Tratamiento de la Inclusi\u00f3n de la Facultad de Ciencias Biom\u00e9dicas de la Universidad Nacional de Pilar. <a href=\"http:\/\/biomedicas.unp.edu.py\/wp-content\/uploads\/2019\/07\/Tratamiento-de-la-inclusi\u00f3n-de-la-FCB-UNP_1.pdf\">Descargar <\/a><\/p>\n\n\n\n<p>Mecanismo de Seguimiento y Evaluaci\u00f3n de Convenios. <a href=\"http:\/\/biomedicas.unp.edu.py\/wp-content\/uploads\/2019\/07\/Mecanismo-de-seguimiento-y-evaluaci\u00f3n-convenios.pdf\">Descargar<\/a><\/p>\n\n\n\n<p>Mecanismo de Evaluaci\u00f3n de la Infraestructura, Equipamientos e Insumos y Recursos de Inform\u00e1ci\u00f3n. <a href=\"http:\/\/biomedicas.unp.edu.py\/wp-content\/uploads\/2019\/07\/Mecanismo-de-Evaluaci\u00f3n-de-la-Insfraestura-Equipamientos-e-Insumos-y-Recursos-de-Informaci\u00f3n.pdf\">Descargar<\/a><\/p>\n\n\n\n<p>Reglamento Interno de Actividades Acad\u00e9micas de la Facultad de Ciencias Biom\u00e9dicas.<a href=\"http:\/\/biomedicas.unp.edu.py\/wp-content\/uploads\/2019\/08\/Resol-N\u00ba-033-2017-Reglamento-de-la-Facultad-de-Ciencias-Biom\u00e9dicas.pdf\">Descarga<\/a><\/p>\n\n\n\n<p>Resol. N\u00ba 049\/2016 &#8211; L\u00edneas de Investigaci\u00f3n de la Carrera de Licenciatura en Enfermer\u00eda de la Facultad de Ciencias Biom\u00e9dicas de la Universidad de Pilar. <a href=\"http:\/\/biomedicas.unp.edu.py\/wp-content\/uploads\/2019\/07\/Resol.-N\u00b0-049-2016-Lineas-de-Investigaci\u00f3n-FCB.pdf\">Descargar<\/a><\/p>\n\n\n\n<p>Evaluaci\u00f3n de Desempe\u00f1o Docente. <a href=\"http:\/\/biomedicas.unp.edu.py\/wp-content\/uploads\/2019\/09\/Formularios-de-Evaluaci\u00f3n.pdf\">Descargar<\/a><\/p>\n\n\n\n<ul class=\"wp-block-list\"><li>Resol. N\u00ba 038\/2019 &#8211; L\u00edneas de Investigaci\u00f3n y Extensi\u00f3n de la Facultad de Ciencias Biom\u00e9dicas y se actualiza las L\u00edneas de Investigaci\u00f3n y Extensi\u00f3n de la Carrera Licenciatura en Enfermer\u00eda de la Facultad de Ciencias Biom\u00e9dicas de la Universidad Nacional de Pilar. CD <a href=\"http:\/\/biomedicas.unp.edu.py\/wp-content\/uploads\/2019\/07\/Resol.-N\u00b0-038-2019-L\u00ednea-de-investigaci\u00f3n-y-extensi\u00f3n-FCB.pdf\">Descargar<\/a><ul><li>Reglamento. <a href=\"http:\/\/biomedicas.unp.edu.py\/wp-content\/uploads\/2019\/07\/L\u00edneas-de-Investigaci\u00f3n-y-Extensi\u00f3n-Lic.-en-Enf.-FCB-UNP.pdf\">Descargar<\/a><\/li><\/ul><\/li><\/ul>\n\n\n\n<p>Mecanismos de Evaluaci\u00f3n de la Calidad de la Implementaci\u00f3n del Proyecto Educativo de la Carrera. <a href=\"http:\/\/biomedicas.unp.edu.py\/wp-content\/uploads\/2019\/09\/Mecanismos-de-Evaluaci\u00f3n-de-la-calidad-de-la-implementaci\u00f3n-del-proyecto-educativo-de-la-Carrera.pdf\">Descargar<\/a><\/p>\n\n\n\n<p>Mecanismo de Evaluaci\u00f3n del desempe\u00f1o de Directivos. <a href=\"http:\/\/biomedicas.unp.edu.py\/wp-content\/uploads\/2019\/09\/Mecanismo-de-eva.-de-desempe\u00f1o-directivo.pdf\">Descargar<\/a><\/p>\n\n\n\n<ul class=\"wp-block-list\"><li>Evaluaci\u00f3n de Desempe\u00f1o Docente. <a href=\"http:\/\/biomedicas.unp.edu.py\/wp-content\/uploads\/2019\/09\/Formularios-de-Evaluaci\u00f3n.pdf\">Descargar<\/a><\/li><\/ul>\n\n\n\n<p>Reglamento de de Sala de M\u00e1quinas de la Facultad de Ciencias Biom\u00e9dicas de la Universidad Nacional de Pilar. <a href=\"http:\/\/biomedicas.unp.edu.py\/wp-content\/uploads\/2019\/11\/Reglamento-de-sala-de-m\u00e1quinas.pdf\">Descargar<\/a><\/p>\n\n\n\n<h2 class=\"wp-block-heading\" style=\"text-align:center\">Consejo Superior Universitario<\/h2>\n\n\n\n<p>Reglamento Interno de Recursos Humanos y se autoriza la implementaci\u00f3n y puesta en vigencia, en la Universidad Nacional de Pilar. <a href=\"http:\/\/biomedicas.unp.edu.py\/wp-content\/uploads\/2019\/09\/98-2015-Reglamento-Interno-de-Recurso-Humano-de-la-UNP.pdf\">Descargar<\/a><\/p>\n\n\n\n<p>Reglamento para optar al T\u00edtulo de Postgrado en la Universidad Nacional de Pilar. <a href=\"http:\/\/biomedicas.unp.edu.py\/wp-content\/uploads\/2019\/10\/Reglamento-Postgrado-Reso-N\u00ba-14-19.pdf\">Descargar<\/a><\/p>\n\n\n\n<p>Reglamento Institucional \u00fanico para otorgar distinci\u00f3n acad\u00e9mica de Mejor Alumno\/a, en las Facultades de la Universidad Nacional de Pilar. <a href=\"http:\/\/biomedicas.unp.edu.py\/wp-content\/uploads\/2019\/07\/Res.-N\u00b0-96-2009-CSU-.-Regl.-institucional-unico-p-distinci\u00f2n-acad\u00e8mica-al-mejor-alumno-1.pdf\">Descargar<\/a><br><\/p>\n\n\n\n<p>Reglamento para optar al t\u00edtulo de Postgrado en la Universidad Nacional de Pilar. <a href=\"http:\/\/biomedicas.unp.edu.py\/wp-content\/uploads\/2019\/09\/Resol.-N\u00b0-14-2019-Reglamento-para-optar-al-t\u00edtulo-de-postgrado-en-la-UNP.pdf\">Descargar<\/a><\/p>\n\n\n\n<p>Reglamento General para elecciones en la Universidad Nacional de Pilar. <a href=\"http:\/\/biomedicas.unp.edu.py\/wp-content\/uploads\/2019\/09\/Reglamento-Gral.-para-elecciones-en-la-UNP.pdf\">Descargar<\/a><\/p>\n\n\n\n<p>Reglamento Interno para Selecci\u00f3n, Ingreso y Promoci\u00f3n de Funcionarios Permanentes y Contratados de la Facultad de Ciencias Biom\u00e9dicas de la Universidad Nacional de Pilar. <a href=\"http:\/\/biomedicas.unp.edu.py\/wp-content\/uploads\/2019\/09\/Reglamento-Interno-para-selecci\u00f3n-ingreso-y-promoci\u00f3n-de-funcionarios-permanentes-y-contratados-de-la-FCB-UNP.pdf\">Descargar<\/a><\/p>\n\n\n\n<h2 class=\"wp-block-heading\" style=\"text-align:center\">Asamblea Universitaria &#8211; UNP<\/h2>\n\n\n\n<p>Se aprueban modificaciones y se promulga el Estatuto de la Universidad Nacional de Pilar. Asamblea Universitaria. <a href=\"http:\/\/biomedicas.unp.edu.py\/wp-content\/uploads\/2019\/07\/Resol-N\u00b0-01-2015-Estatuto-de-la-Universidad.pdf\">Descargar <\/a><\/p>\n\n\n\n<ul class=\"wp-block-list\"><li>Se modificac el Estatuto de la Universidad Nacional de Pilar.  Asamblea Universitaria.<a href=\"http:\/\/biomedicas.unp.edu.py\/wp-content\/uploads\/2019\/09\/Res-01-2019-Asamblea-Modificacion-Articulos-Estatuto-UNP-1.pdf\">Descargar <\/a><\/li><\/ul>\n\n\n\n<h2 class=\"wp-block-heading\" style=\"text-align:center\">Varios<\/h2>\n\n\n\n<p>Reglamentaci\u00f3n M.S.P. y B.S. <a href=\"http:\/\/biomedicas.unp.edu.py\/wp-content\/uploads\/2019\/11\/Reglamentaci\u00f3n-MspyBs.pdf\">Descargar<\/a><\/p>\n\n\n\n<p>Manual de Organizaci\u00f3n y Funcionamiento de Enfermer\u00eda. <a href=\"http:\/\/biomedicas.unp.edu.py\/wp-content\/uploads\/2019\/11\/Manual-de-Organizaci\u00f3n-y-Funcionamiento-de-Enfermeria.doc\">Descargar<\/a>.<\/p>\n\n\n\n<p>Normas de Estilo APA 2018 <a href=\"http:\/\/biomedicas.unp.edu.py\/wp-content\/uploads\/2019\/07\/Resol-N\u00b0-20-2018-CSU-Manual-de-convenio.pdf\">Descargar<\/a><\/p>\n\n\n\n<p>Ley N\u00ba 4995\/13 Educaci\u00f3n Superior. <a href=\"http:\/\/biomedicas.unp.edu.py\/wp-content\/uploads\/2019\/09\/Ley-N\u00ba-4995-13-Educaci\u00f3n-Superior.pdf\">Descargar<\/a><\/p>\n\n\n\n<p>Ley N\u00ba 3.206 Del Ejercicio de la Enfermer\u00eda <a href=\"http:\/\/biomedicas.unp.edu.py\/wp-content\/uploads\/2019\/10\/Ley-N\u00ba-3.206.pdf\">Descargar<\/a><\/p>\n","protected":false},"excerpt":{"rendered":"<p>Consejo Directivo Reglamento de Laboratorio de Simulaci\u00f3n de la Facultad de Ciencias Biom\u00e9dicas. Descargar Mecanismo de comunicaci\u00f3n interna y externa de la Facultad de Ciencias Biom\u00e9dicas. Descargar Mecanismo de seguimiento y Evaluaci\u00f3n del Plan Estrat\u00e9gico Instucional y del Plan de Desarrollol. Descargar Mecanismos para determinar las Tasas de Retenci\u00f3n, Deserci\u00f3n y Graduaci\u00f3n de alumnos por [&hellip;]<\/p>\n","protected":false},"author":9,"featured_media":0,"parent":0,"menu_order":0,"comment_status":"closed","ping_status":"closed","template":"","meta":{"site-sidebar-layout":"default","site-content-layout":"","ast-site-content-layout":"default","site-content-style":"default","site-sidebar-style":"default","ast-global-header-display":"","ast-banner-title-visibility":"","ast-main-header-display":"","ast-hfb-above-header-display":"","ast-hfb-below-header-display":"","ast-hfb-mobile-header-display":"","site-post-title":"","ast-breadcrumbs-content":"","ast-featured-img":"","footer-sml-layout":"","ast-disable-related-posts":"","theme-transparent-header-meta":"","adv-header-id-meta":"","stick-header-meta":"","header-above-stick-meta":"","header-main-stick-meta":"","header-below-stick-meta":"","astra-migrate-meta-layouts":"default","ast-page-background-enabled":"default","ast-page-background-meta":{"desktop":{"background-color":"var(--ast-global-color-4)","background-image":"","background-repeat":"repeat","background-position":"center center","background-size":"auto","background-attachment":"scroll","background-type":"","background-media":"","overlay-type":"","overlay-color":"","overlay-opacity":"","overlay-gradient":""},"tablet":{"background-color":"","background-image":"","background-repeat":"repeat","background-position":"center center","background-size":"auto","background-attachment":"scroll","background-type":"","background-media":"","overlay-type":"","overlay-color":"","overlay-opacity":"","overlay-gradient":""},"mobile":{"background-color":"","background-image":"","background-repeat":"repeat","background-position":"center center","background-size":"auto","background-attachment":"scroll","background-type":"","background-media":"","overlay-type":"","overlay-color":"","overlay-opacity":"","overlay-gradient":""}},"ast-content-background-meta":{"desktop":{"background-color":"var(--ast-global-color-5)","background-image":"","background-repeat":"repeat","background-position":"center center","background-size":"auto","background-attachment":"scroll","background-type":"","background-media":"","overlay-type":"","overlay-color":"","overlay-opacity":"","overlay-gradient":""},"tablet":{"background-color":"var(--ast-global-color-5)","background-image":"","background-repeat":"repeat","background-position":"center center","background-size":"auto","background-attachment":"scroll","background-type":"","background-media":"","overlay-type":"","overlay-color":"","overlay-opacity":"","overlay-gradient":""},"mobile":{"background-color":"var(--ast-global-color-5)","background-image":"","background-repeat":"repeat","background-position":"center center","background-size":"auto","background-attachment":"scroll","background-type":"","background-media":"","overlay-type":"","overlay-color":"","overlay-opacity":"","overlay-gradient":""}},"iawp_total_views":33,"footnotes":""},"class_list":["post-802","page","type-page","status-publish","hentry"],"_links":{"self":[{"href":"https:\/\/biomedicas.unp.edu.py\/index.php?rest_route=\/wp\/v2\/pages\/802","targetHints":{"allow":["GET"]}}],"collection":[{"href":"https:\/\/biomedicas.unp.edu.py\/index.php?rest_route=\/wp\/v2\/pages"}],"about":[{"href":"https:\/\/biomedicas.unp.edu.py\/index.php?rest_route=\/wp\/v2\/types\/page"}],"author":[{"embeddable":true,"href":"https:\/\/biomedicas.unp.edu.py\/index.php?rest_route=\/wp\/v2\/users\/9"}],"replies":[{"embeddable":true,"href":"https:\/\/biomedicas.unp.edu.py\/index.php?rest_route=%2Fwp%2Fv2%2Fcomments&post=802"}],"version-history":[{"count":74,"href":"https:\/\/biomedicas.unp.edu.py\/index.php?rest_route=\/wp\/v2\/pages\/802\/revisions"}],"predecessor-version":[{"id":5440,"href":"https:\/\/biomedicas.unp.edu.py\/index.php?rest_route=\/wp\/v2\/pages\/802\/revisions\/5440"}],"wp:attachment":[{"href":"https:\/\/biomedicas.unp.edu.py\/index.php?rest_route=%2Fwp%2Fv2%2Fmedia&parent=802"}],"curies":[{"name":"wp","href":"https:\/\/api.w.org\/{rel}","templated":true}]}}